{"id":14149,"date":"2025-08-21T09:29:45","date_gmt":"2025-08-21T02:29:45","guid":{"rendered":"https:\/\/vinphaco.net\/product\/vin_hepa\/"},"modified":"2025-09-29T13:51:44","modified_gmt":"2025-09-29T06:51:44","slug":"vin_hepa","status":"publish","type":"product","link":"https:\/\/vinphaco.net\/pt-pt\/produto\/vin_hepa\/","title":{"rendered":"VIN_HEPA"},"content":{"rendered":"","protected":false},"excerpt":{"rendered":"<p>A L-ornitina L-aspartato \u00e9 um medicamento que apoia a sa\u00fade do f\u00edgado e \u00e9 utilizado para tratar doen\u00e7as como a encefalopatia hep\u00e1tica e a cirrose hep\u00e1tica.  <\/p>\n","protected":false},"featured_media":11442,"template":"","meta":{"_acf_changed":false},"product_brand":[],"product_cat":[385],"product_tag":[353,354],"class_list":{"0":"post-14149","1":"product","2":"type-product","3":"status-publish","4":"has-post-thumbnail","6":"product_cat-etc-outros","7":"product_tag-drug-pt-pt","8":"product_tag-etc-pt-pt","10":"first","11":"instock","12":"shipping-taxable","13":"product-type-simple"},"acf":{"product_detail":[{"name":"Forma de dosagem","value":"Solu\u00e7\u00e3o para inje\u00e7\u00e3o"},{"name":"Indica\u00e7\u00f5es","value":"A L-Ornitina L-Aspartato \u00e9 indicada para o tratamento de encefalopatia hep\u00e1tica, insufici\u00eancia hep\u00e1tica aguda, hiperamonemia devida a hepatite aguda e cr\u00f3nica, f\u00edgado gordo, les\u00f5es hep\u00e1ticas alco\u00f3licas, adjuvante de medicamentos hepatot\u00f3xicos, cirrose hep\u00e1tica, convalescen\u00e7a p\u00f3s-hepatite, etc"},{"name":"Composi\u00e7\u00e3o","value":"L - Ornitina L - Aspartato 500 mg\/5 ml"}],"instructions_for_use":""},"_links":{"self":[{"href":"https:\/\/vinphaco.net\/pt-pt\/wp-json\/wp\/v2\/product\/14149","targetHints":{"allow":["GET"]}}],"collection":[{"href":"https:\/\/vinphaco.net\/pt-pt\/wp-json\/wp\/v2\/product"}],"about":[{"href":"https:\/\/vinphaco.net\/pt-pt\/wp-json\/wp\/v2\/types\/product"}],"wp:featuredmedia":[{"embeddable":true,"href":"https:\/\/vinphaco.net\/pt-pt\/wp-json\/wp\/v2\/media\/11442"}],"wp:attachment":[{"href":"https:\/\/vinphaco.net\/pt-pt\/wp-json\/wp\/v2\/media?parent=14149"}],"wp:term":[{"taxonomy":"product_brand","embeddable":true,"href":"https:\/\/vinphaco.net\/pt-pt\/wp-json\/wp\/v2\/product_brand?post=14149"},{"taxonomy":"product_cat","embeddable":true,"href":"https:\/\/vinphaco.net\/pt-pt\/wp-json\/wp\/v2\/product_cat?post=14149"},{"taxonomy":"product_tag","embeddable":true,"href":"https:\/\/vinphaco.net\/pt-pt\/wp-json\/wp\/v2\/product_tag?post=14149"}],"curies":[{"name":"wp","href":"https:\/\/api.w.org\/{rel}","templated":true}]}}