{"id":14171,"date":"2025-08-21T09:29:44","date_gmt":"2025-08-21T02:29:44","guid":{"rendered":"https:\/\/vinphaco.net\/product\/vinzix\/"},"modified":"2025-10-02T11:41:35","modified_gmt":"2025-10-02T04:41:35","slug":"vinzix","status":"publish","type":"product","link":"https:\/\/vinphaco.net\/pt-pt\/produto\/vinzix\/","title":{"rendered":"VINZIX"},"content":{"rendered":"","protected":false},"excerpt":{"rendered":"<p>Vinzix tem como principal ingrediente a furosemida, utilizada no tratamento de edema na insufici\u00eancia card\u00edaca congestiva, doen\u00e7a renal e cirrose, edema pulmonar agudo, olig\u00faria devido a insufici\u00eancia renal aguda ou cr\u00f3nica, hipertens\u00e3o.<\/p>\n","protected":false},"featured_media":11250,"template":"","meta":{"_acf_changed":false},"product_brand":[],"product_cat":[486],"product_tag":[353,354],"class_list":{"0":"post-14171","1":"product","2":"type-product","3":"status-publish","4":"has-post-thumbnail","6":"product_cat-etc-emergencia-e-acidente-vascular-cerebral","7":"product_tag-drug-pt-pt","8":"product_tag-etc-pt-pt","10":"first","11":"instock","12":"shipping-taxable","13":"product-type-simple"},"acf":{"product_detail":[{"name":"Forma de dosagem","value":"Solu\u00e7\u00e3o para inje\u00e7\u00e3o"},{"name":"Indica\u00e7\u00f5es","value":"Indica\u00e7\u00f5es:\n- Edema card\u00edaco, hep\u00e1tico, renal ou de outra origem, edema pulmonar, edema cerebral, intoxica\u00e7\u00e3o na gravidez.\n- Hipertens\u00e3o ligeira e moderada.\n- Em doses elevadas no tratamento de insufici\u00eancia renal aguda ou cr\u00f3nica e olig\u00faria, intoxica\u00e7\u00e3o por barbit\u00faricos."},{"name":"Composi\u00e7\u00e3o","value":"Furosemida 20mg\/2ml"}],"instructions_for_use":""},"_links":{"self":[{"href":"https:\/\/vinphaco.net\/pt-pt\/wp-json\/wp\/v2\/product\/14171","targetHints":{"allow":["GET"]}}],"collection":[{"href":"https:\/\/vinphaco.net\/pt-pt\/wp-json\/wp\/v2\/product"}],"about":[{"href":"https:\/\/vinphaco.net\/pt-pt\/wp-json\/wp\/v2\/types\/product"}],"wp:featuredmedia":[{"embeddable":true,"href":"https:\/\/vinphaco.net\/pt-pt\/wp-json\/wp\/v2\/media\/11250"}],"wp:attachment":[{"href":"https:\/\/vinphaco.net\/pt-pt\/wp-json\/wp\/v2\/media?parent=14171"}],"wp:term":[{"taxonomy":"product_brand","embeddable":true,"href":"https:\/\/vinphaco.net\/pt-pt\/wp-json\/wp\/v2\/product_brand?post=14171"},{"taxonomy":"product_cat","embeddable":true,"href":"https:\/\/vinphaco.net\/pt-pt\/wp-json\/wp\/v2\/product_cat?post=14171"},{"taxonomy":"product_tag","embeddable":true,"href":"https:\/\/vinphaco.net\/pt-pt\/wp-json\/wp\/v2\/product_tag?post=14171"}],"curies":[{"name":"wp","href":"https:\/\/api.w.org\/{rel}","templated":true}]}}