{"id":14175,"date":"2025-08-21T09:29:44","date_gmt":"2025-08-21T02:29:44","guid":{"rendered":"https:\/\/vinphaco.net\/product\/vincopane\/"},"modified":"2025-10-02T11:41:40","modified_gmt":"2025-10-02T04:41:40","slug":"vincopane","status":"publish","type":"product","link":"https:\/\/vinphaco.net\/pt-pt\/produto\/vincopane\/","title":{"rendered":"VINCOPANE"},"content":{"rendered":"","protected":false},"excerpt":{"rendered":"<p>O Vincopane \u00e9 um medicamento injet\u00e1vel que cont\u00e9m Hioscina - N - butilbrometo, utilizado em espasmos agudos, gastroscopia e raios-X.<\/p>\n","protected":false},"featured_media":11226,"template":"","meta":{"_acf_changed":false},"product_brand":[],"product_cat":[486],"product_tag":[353,354],"class_list":{"0":"post-14175","1":"product","2":"type-product","3":"status-publish","4":"has-post-thumbnail","6":"product_cat-etc-emergencia-e-acidente-vascular-cerebral","7":"product_tag-drug-pt-pt","8":"product_tag-etc-pt-pt","10":"first","11":"instock","12":"shipping-taxable","13":"product-type-simple"},"acf":{"product_detail":[{"name":"Forma de dosagem","value":"Solu\u00e7\u00e3o para inje\u00e7\u00e3o"},{"name":"Indica\u00e7\u00f5es","value":"O brometo de hioscina - N - butilo est\u00e1 indicado em:\n- Tratamento de espasmos gastrointestinais ou genitourin\u00e1rios. \n- Preven\u00e7\u00e3o e tratamento de c\u00f3licas menstruais."},{"name":"Composi\u00e7\u00e3o","value":"Brometo de hioscina - N - butilo 20 mg\/1 ml"}],"instructions_for_use":""},"_links":{"self":[{"href":"https:\/\/vinphaco.net\/pt-pt\/wp-json\/wp\/v2\/product\/14175","targetHints":{"allow":["GET"]}}],"collection":[{"href":"https:\/\/vinphaco.net\/pt-pt\/wp-json\/wp\/v2\/product"}],"about":[{"href":"https:\/\/vinphaco.net\/pt-pt\/wp-json\/wp\/v2\/types\/product"}],"wp:featuredmedia":[{"embeddable":true,"href":"https:\/\/vinphaco.net\/pt-pt\/wp-json\/wp\/v2\/media\/11226"}],"wp:attachment":[{"href":"https:\/\/vinphaco.net\/pt-pt\/wp-json\/wp\/v2\/media?parent=14175"}],"wp:term":[{"taxonomy":"product_brand","embeddable":true,"href":"https:\/\/vinphaco.net\/pt-pt\/wp-json\/wp\/v2\/product_brand?post=14175"},{"taxonomy":"product_cat","embeddable":true,"href":"https:\/\/vinphaco.net\/pt-pt\/wp-json\/wp\/v2\/product_cat?post=14175"},{"taxonomy":"product_tag","embeddable":true,"href":"https:\/\/vinphaco.net\/pt-pt\/wp-json\/wp\/v2\/product_tag?post=14175"}],"curies":[{"name":"wp","href":"https:\/\/api.w.org\/{rel}","templated":true}]}}