{"id":14196,"date":"2025-08-21T09:29:43","date_gmt":"2025-08-21T02:29:43","guid":{"rendered":"https:\/\/vinphaco.net\/product\/vintidin-20\/"},"modified":"2025-10-02T11:42:16","modified_gmt":"2025-10-02T04:42:16","slug":"vintidin-20","status":"publish","type":"product","link":"https:\/\/vinphaco.net\/pt-pt\/produto\/vintidin-20\/","title":{"rendered":"VINTIDIN 20"},"content":{"rendered":"","protected":false},"excerpt":{"rendered":"<p>A famotidina \u00e9 um medicamento antagonista dos receptores H2 da histamina que diminui a produ\u00e7\u00e3o de \u00e1cido no est\u00f4mago.<\/p>\n","protected":false},"featured_media":11554,"template":"","meta":{"_acf_changed":false},"product_brand":[],"product_cat":[392],"product_tag":[353,354],"class_list":{"0":"post-14196","1":"product","2":"type-product","3":"status-publish","4":"has-post-thumbnail","6":"product_cat-etc-gastroenterologia","7":"product_tag-drug-pt-pt","8":"product_tag-etc-pt-pt","10":"first","11":"instock","12":"shipping-taxable","13":"product-type-simple"},"acf":{"product_detail":[{"name":"Forma de dosagem","value":"Gr\u00e2nulos"},{"name":"Indica\u00e7\u00f5es","value":"A famotidina \u00e9 utilizada para tratar a \u00falcera p\u00e9ptica, a doen\u00e7a do refluxo gastroesof\u00e1gico e a s\u00edndrome de Zollinger-Ellison"},{"name":"Composi\u00e7\u00e3o","value":"Famotidina 20mg"}],"instructions_for_use":""},"_links":{"self":[{"href":"https:\/\/vinphaco.net\/pt-pt\/wp-json\/wp\/v2\/product\/14196","targetHints":{"allow":["GET"]}}],"collection":[{"href":"https:\/\/vinphaco.net\/pt-pt\/wp-json\/wp\/v2\/product"}],"about":[{"href":"https:\/\/vinphaco.net\/pt-pt\/wp-json\/wp\/v2\/types\/product"}],"wp:featuredmedia":[{"embeddable":true,"href":"https:\/\/vinphaco.net\/pt-pt\/wp-json\/wp\/v2\/media\/11554"}],"wp:attachment":[{"href":"https:\/\/vinphaco.net\/pt-pt\/wp-json\/wp\/v2\/media?parent=14196"}],"wp:term":[{"taxonomy":"product_brand","embeddable":true,"href":"https:\/\/vinphaco.net\/pt-pt\/wp-json\/wp\/v2\/product_brand?post=14196"},{"taxonomy":"product_cat","embeddable":true,"href":"https:\/\/vinphaco.net\/pt-pt\/wp-json\/wp\/v2\/product_cat?post=14196"},{"taxonomy":"product_tag","embeddable":true,"href":"https:\/\/vinphaco.net\/pt-pt\/wp-json\/wp\/v2\/product_tag?post=14196"}],"curies":[{"name":"wp","href":"https:\/\/api.w.org\/{rel}","templated":true}]}}