{"id":14219,"date":"2025-08-21T09:29:43","date_gmt":"2025-08-21T02:29:43","guid":{"rendered":"https:\/\/vinphaco.net\/product\/vindexa-8mg-2ml\/"},"modified":"2025-10-02T11:41:54","modified_gmt":"2025-10-02T04:41:54","slug":"vindexa-8mg-2ml","status":"publish","type":"product","link":"https:\/\/vinphaco.net\/pt-pt\/produto\/vindexa-8mg-2ml\/","title":{"rendered":"VINDEXA 8MG\/2ML"},"content":{"rendered":"","protected":false},"excerpt":{"rendered":"<p>A dexametasona \u00e9 um glucocorticoide sint\u00e9tico (hormona adrenocortical) com efeitos no metabolismo, no equil\u00edbrio eletrol\u00edtico e nas fun\u00e7\u00f5es dos tecidos.<\/p>\n","protected":false},"featured_media":11642,"template":"","meta":{"_acf_changed":false},"product_brand":[],"product_cat":[352],"product_tag":[353,354],"class_list":{"0":"post-14219","1":"product","2":"type-product","3":"status-publish","4":"has-post-thumbnail","6":"product_cat-etc-corticosterioids-nsaids-pt-pt","7":"product_tag-drug-pt-pt","8":"product_tag-etc-pt-pt","10":"first","11":"instock","12":"shipping-taxable","13":"product-type-simple"},"acf":{"product_detail":[{"name":"Forma de dosagem","value":"Solu\u00e7\u00e3o para inje\u00e7\u00e3o"},{"name":"Indica\u00e7\u00f5es","value":"Dexametasona \u00e9 utilizado para tratar: \n- inflama\u00e7\u00e3o da pele, articula\u00e7\u00f5es, pulm\u00f5es e outros \u00f3rg\u00e3os. \n- As condi\u00e7\u00f5es comuns tratadas incluem asma, alergias e artrite. \n- Outras condi\u00e7\u00f5es, como dist\u00farbios sangu\u00edneos e doen\u00e7as das gl\u00e2ndulas supra-renais."},{"name":"Composi\u00e7\u00e3o","value":"Dexametasona 8 mg\/2 ml"}],"instructions_for_use":""},"_links":{"self":[{"href":"https:\/\/vinphaco.net\/pt-pt\/wp-json\/wp\/v2\/product\/14219","targetHints":{"allow":["GET"]}}],"collection":[{"href":"https:\/\/vinphaco.net\/pt-pt\/wp-json\/wp\/v2\/product"}],"about":[{"href":"https:\/\/vinphaco.net\/pt-pt\/wp-json\/wp\/v2\/types\/product"}],"wp:featuredmedia":[{"embeddable":true,"href":"https:\/\/vinphaco.net\/pt-pt\/wp-json\/wp\/v2\/media\/11642"}],"wp:attachment":[{"href":"https:\/\/vinphaco.net\/pt-pt\/wp-json\/wp\/v2\/media?parent=14219"}],"wp:term":[{"taxonomy":"product_brand","embeddable":true,"href":"https:\/\/vinphaco.net\/pt-pt\/wp-json\/wp\/v2\/product_brand?post=14219"},{"taxonomy":"product_cat","embeddable":true,"href":"https:\/\/vinphaco.net\/pt-pt\/wp-json\/wp\/v2\/product_cat?post=14219"},{"taxonomy":"product_tag","embeddable":true,"href":"https:\/\/vinphaco.net\/pt-pt\/wp-json\/wp\/v2\/product_tag?post=14219"}],"curies":[{"name":"wp","href":"https:\/\/api.w.org\/{rel}","templated":true}]}}